{"id":5410,"date":"2025-09-10T09:27:30","date_gmt":"2025-09-10T07:27:30","guid":{"rendered":"https:\/\/www.nidoscuolaclorofilla.it\/accessibility-statement\/"},"modified":"2025-09-10T09:27:30","modified_gmt":"2025-09-10T07:27:30","slug":"accessibility-statement","status":"publish","type":"page","link":"https:\/\/www.nidoscuolaclorofilla.it\/en\/accessibility-statement\/","title":{"rendered":"Accessibility Statement"},"content":{"rendered":"<div class=\"page\" title=\"Page 1\">\n<div class=\"layoutArea\">\n<div class=\"column\">\n<p><b>Il nostro impegno per l\u2019accessibilit\u00e0 digitale<\/b><\/p>\n<p>Viplas is working to optimize the accessibility of its website <a href=\"https:\/\/www.nidoscuolaclorofilla.it\/en\/\">https:\/\/www.nidoscuolaclorofilla.it<\/a> to improve the browsing experience for all users, including users with disabilities, older individuals, and those who have difficulty performing activities such as reading, writing, arithmetic, and\/or have limited language skills. Our goal is to provide customers with easy access to information about our products and services, and a smooth and inclusive browsing experience. <b><\/b><\/p>\n<p><b>What We Are Doing to Improve Digital Accessibility<\/b><b><\/b><\/p>\n<p>We have started an accessibility analysis using the WCAG 2.1 and WCAG 2.2 international standards defined by the W3C. Together with our digital partners, we are working to identify and remove any accessibility barriers. This analysis involves digital accessibility experts and users with various disabilities who navigate the website using assistive technologies. <b><\/b><\/p>\n<p><b>Help Us Improve Our Digital Accessibility<\/b><\/p>\n<p>Se incontri difficolt\u00e0 nella navigazione, puoi fare una segnalazione scrivendo a <a href=\"mailto:info@nidoscuolaclorofilla.it\">info@nidoscuolaclorofilla.it<\/a>, indicando:<\/p>\n<ul class=\"ul1\">\n<li>Your name and a contact where you would like to be reached<\/li>\n<li>L\u2019Indirizzo della pagina web e le sezioni\/funzioni\/componenti del sito ove hai riscontrato un problema di accessibilit\u00e0<\/li>\n<li>The URL of the webpage and the sections\/functions\/components where you found the accessibility issue<\/li>\n<li>A short note on how you browse the web (e.g., using a screen reader or other assistive technology, browser, and device used)<\/li>\n<\/ul>\n<\/div>\n<\/div>\n<\/div>\n","protected":false},"excerpt":{"rendered":"<p>Il nostro impegno per l\u2019accessibilit\u00e0 digitale Viplas is working to optimize the accessibility of its website https:\/\/www.nidoscuolaclorofilla.it to improve the browsing experience for all users, including users with disabilities, older individuals, and those who have difficulty performing activities such as reading, writing, arithmetic, and\/or have limited language skills. Our goal is to provide customers with [&hellip;]<\/p>\n","protected":false},"author":5,"featured_media":0,"parent":0,"menu_order":0,"comment_status":"closed","ping_status":"closed","template":"","meta":{"footnotes":""},"class_list":["post-5410","page","type-page","status-publish","hentry"],"yoast_head":"<!-- This site is optimized with the Yoast SEO plugin v25.4 - https:\/\/yoast.com\/wordpress\/plugins\/seo\/ -->\n<title>Accessibility Statement - Nido Scuola Clorofilla<\/title>\n<meta name=\"description\" content=\"Clorofilla \u00e8 al lavoro per ottimizzare l\u2019accessibilit\u00e0 del sito www.nidoscuolaclorofilla.it al fine di migliorare l\u2019esperienza di navigazione da parte di tutti gli utenti, compreso gli utenti con disabilit\u00e0, anziani, con difficolt\u00e0 nello svolgimento di attivit\u00e0 quali la lettura, la scrittura, il calcolo e\/o con limitate competenze linguistiche. Il nostro obiettivo \u00e8 offrire ai clienti un facile accesso alle informazioni sui prodotti e servizi aziendali e un\u2019esperienza di navigazione agevole e inclusiva.\" \/>\n<meta name=\"robots\" content=\"index, follow, max-snippet:-1, max-image-preview:large, max-video-preview:-1\" \/>\n<link rel=\"canonical\" href=\"https:\/\/www.nidoscuolaclorofilla.it\/en\/accessibility-statement\/\" \/>\n<meta property=\"og:locale\" content=\"en_US\" \/>\n<meta property=\"og:type\" content=\"article\" \/>\n<meta property=\"og:title\" content=\"Accessibility Statement - Nido Scuola Clorofilla\" \/>\n<meta property=\"og:description\" content=\"Clorofilla \u00e8 al lavoro per ottimizzare l\u2019accessibilit\u00e0 del sito www.nidoscuolaclorofilla.it al fine di migliorare l\u2019esperienza di navigazione da parte di tutti gli utenti, compreso gli utenti con disabilit\u00e0, anziani, con difficolt\u00e0 nello svolgimento di attivit\u00e0 quali la lettura, la scrittura, il calcolo e\/o con limitate competenze linguistiche. Il nostro obiettivo \u00e8 offrire ai clienti un facile accesso alle informazioni sui prodotti e servizi aziendali e un\u2019esperienza di navigazione agevole e inclusiva.\" \/>\n<meta property=\"og:url\" content=\"https:\/\/www.nidoscuolaclorofilla.it\/en\/accessibility-statement\/\" \/>\n<meta property=\"og:site_name\" content=\"Nido Scuola Clorofilla\" \/>\n<meta property=\"article:publisher\" content=\"https:\/\/it-it.facebook.com\/nidoscuolaclorofilla\" \/>\n<meta property=\"og:image\" content=\"https:\/\/www.nidoscuolaclorofilla.it\/wp-content\/uploads\/2025\/04\/Nido-Clorofilla-colore-casetta_1@4x.png\" \/>\n\t<meta property=\"og:image:width\" content=\"523\" \/>\n\t<meta property=\"og:image:height\" content=\"810\" \/>\n\t<meta property=\"og:image:type\" content=\"image\/png\" \/>\n<meta name=\"twitter:card\" content=\"summary_large_image\" \/>\n<meta name=\"twitter:label1\" content=\"Est. reading time\" \/>\n\t<meta name=\"twitter:data1\" content=\"1 minute\" \/>\n<script type=\"application\/ld+json\" class=\"yoast-schema-graph\">{\"@context\":\"https:\/\/schema.org\",\"@graph\":[{\"@type\":\"WebPage\",\"@id\":\"https:\/\/www.nidoscuolaclorofilla.it\/en\/accessibility-statement\/\",\"url\":\"https:\/\/www.nidoscuolaclorofilla.it\/en\/accessibility-statement\/\",\"name\":\"Accessibility Statement - Nido Scuola Clorofilla\",\"isPartOf\":{\"@id\":\"https:\/\/www.nidoscuolaclorofilla.it\/#website\"},\"datePublished\":\"2025-09-10T07:27:30+00:00\",\"description\":\"Clorofilla \u00e8 al lavoro per ottimizzare l\u2019accessibilit\u00e0 del sito www.nidoscuolaclorofilla.it al fine di migliorare l\u2019esperienza di navigazione da parte di tutti gli utenti, compreso gli utenti con disabilit\u00e0, anziani, con difficolt\u00e0 nello svolgimento di attivit\u00e0 quali la lettura, la scrittura, il calcolo e\/o con limitate competenze linguistiche. Il nostro obiettivo \u00e8 offrire ai clienti un facile accesso alle informazioni sui prodotti e servizi aziendali e un\u2019esperienza di navigazione agevole e inclusiva.\",\"breadcrumb\":{\"@id\":\"https:\/\/www.nidoscuolaclorofilla.it\/en\/accessibility-statement\/#breadcrumb\"},\"inLanguage\":\"en-US\",\"potentialAction\":[{\"@type\":\"ReadAction\",\"target\":[\"https:\/\/www.nidoscuolaclorofilla.it\/en\/accessibility-statement\/\"]}]},{\"@type\":\"BreadcrumbList\",\"@id\":\"https:\/\/www.nidoscuolaclorofilla.it\/en\/accessibility-statement\/#breadcrumb\",\"itemListElement\":[{\"@type\":\"ListItem\",\"position\":1,\"name\":\"Home\",\"item\":\"https:\/\/www.nidoscuolaclorofilla.it\/en\/\"},{\"@type\":\"ListItem\",\"position\":2,\"name\":\"Accessibility Statement\"}]},{\"@type\":\"WebSite\",\"@id\":\"https:\/\/www.nidoscuolaclorofilla.it\/#website\",\"url\":\"https:\/\/www.nidoscuolaclorofilla.it\/\",\"name\":\"Nido Scuola Clorofilla\",\"description\":\"Asilo e Nido Bilingue a Milano Centro\",\"publisher\":{\"@id\":\"https:\/\/www.nidoscuolaclorofilla.it\/#organization\"},\"potentialAction\":[{\"@type\":\"SearchAction\",\"target\":{\"@type\":\"EntryPoint\",\"urlTemplate\":\"https:\/\/www.nidoscuolaclorofilla.it\/?s={search_term_string}\"},\"query-input\":{\"@type\":\"PropertyValueSpecification\",\"valueRequired\":true,\"valueName\":\"search_term_string\"}}],\"inLanguage\":\"en-US\"},{\"@type\":\"Organization\",\"@id\":\"https:\/\/www.nidoscuolaclorofilla.it\/#organization\",\"name\":\"Nido Scuola Clorofilla\",\"url\":\"https:\/\/www.nidoscuolaclorofilla.it\/\",\"logo\":{\"@type\":\"ImageObject\",\"inLanguage\":\"en-US\",\"@id\":\"https:\/\/www.nidoscuolaclorofilla.it\/#\/schema\/logo\/image\/\",\"url\":\"https:\/\/www.nidoscuolaclorofilla.it\/wp-content\/uploads\/2024\/11\/favicon.png\",\"contentUrl\":\"https:\/\/www.nidoscuolaclorofilla.it\/wp-content\/uploads\/2024\/11\/favicon.png\",\"width\":512,\"height\":512,\"caption\":\"Nido Scuola Clorofilla\"},\"image\":{\"@id\":\"https:\/\/www.nidoscuolaclorofilla.it\/#\/schema\/logo\/image\/\"},\"sameAs\":[\"https:\/\/it-it.facebook.com\/nidoscuolaclorofilla\",\"https:\/\/www.instagram.com\/nidoscuola_clorofilla\/\",\"https:\/\/www.youtube.com\/@nidoscuolaclorofilla728\"]}]}<\/script>\n<!-- \/ Yoast SEO plugin. -->","yoast_head_json":{"title":"Accessibility Statement - Nido Scuola Clorofilla","description":"Clorofilla \u00e8 al lavoro per ottimizzare l\u2019accessibilit\u00e0 del sito www.nidoscuolaclorofilla.it al fine di migliorare l\u2019esperienza di navigazione da parte di tutti gli utenti, compreso gli utenti con disabilit\u00e0, anziani, con difficolt\u00e0 nello svolgimento di attivit\u00e0 quali la lettura, la scrittura, il calcolo e\/o con limitate competenze linguistiche. Il nostro obiettivo \u00e8 offrire ai clienti un facile accesso alle informazioni sui prodotti e servizi aziendali e un\u2019esperienza di navigazione agevole e inclusiva.","robots":{"index":"index","follow":"follow","max-snippet":"max-snippet:-1","max-image-preview":"max-image-preview:large","max-video-preview":"max-video-preview:-1"},"canonical":"https:\/\/www.nidoscuolaclorofilla.it\/en\/accessibility-statement\/","og_locale":"en_US","og_type":"article","og_title":"Accessibility Statement - Nido Scuola Clorofilla","og_description":"Clorofilla \u00e8 al lavoro per ottimizzare l\u2019accessibilit\u00e0 del sito www.nidoscuolaclorofilla.it al fine di migliorare l\u2019esperienza di navigazione da parte di tutti gli utenti, compreso gli utenti con disabilit\u00e0, anziani, con difficolt\u00e0 nello svolgimento di attivit\u00e0 quali la lettura, la scrittura, il calcolo e\/o con limitate competenze linguistiche. Il nostro obiettivo \u00e8 offrire ai clienti un facile accesso alle informazioni sui prodotti e servizi aziendali e un\u2019esperienza di navigazione agevole e inclusiva.","og_url":"https:\/\/www.nidoscuolaclorofilla.it\/en\/accessibility-statement\/","og_site_name":"Nido Scuola Clorofilla","article_publisher":"https:\/\/it-it.facebook.com\/nidoscuolaclorofilla","og_image":[{"width":523,"height":810,"url":"https:\/\/www.nidoscuolaclorofilla.it\/wp-content\/uploads\/2025\/04\/Nido-Clorofilla-colore-casetta_1@4x.png","type":"image\/png"}],"twitter_card":"summary_large_image","twitter_misc":{"Est. reading time":"1 minute"},"schema":{"@context":"https:\/\/schema.org","@graph":[{"@type":"WebPage","@id":"https:\/\/www.nidoscuolaclorofilla.it\/en\/accessibility-statement\/","url":"https:\/\/www.nidoscuolaclorofilla.it\/en\/accessibility-statement\/","name":"Accessibility Statement - Nido Scuola Clorofilla","isPartOf":{"@id":"https:\/\/www.nidoscuolaclorofilla.it\/#website"},"datePublished":"2025-09-10T07:27:30+00:00","description":"Clorofilla \u00e8 al lavoro per ottimizzare l\u2019accessibilit\u00e0 del sito www.nidoscuolaclorofilla.it al fine di migliorare l\u2019esperienza di navigazione da parte di tutti gli utenti, compreso gli utenti con disabilit\u00e0, anziani, con difficolt\u00e0 nello svolgimento di attivit\u00e0 quali la lettura, la scrittura, il calcolo e\/o con limitate competenze linguistiche. Il nostro obiettivo \u00e8 offrire ai clienti un facile accesso alle informazioni sui prodotti e servizi aziendali e un\u2019esperienza di navigazione agevole e inclusiva.","breadcrumb":{"@id":"https:\/\/www.nidoscuolaclorofilla.it\/en\/accessibility-statement\/#breadcrumb"},"inLanguage":"en-US","potentialAction":[{"@type":"ReadAction","target":["https:\/\/www.nidoscuolaclorofilla.it\/en\/accessibility-statement\/"]}]},{"@type":"BreadcrumbList","@id":"https:\/\/www.nidoscuolaclorofilla.it\/en\/accessibility-statement\/#breadcrumb","itemListElement":[{"@type":"ListItem","position":1,"name":"Home","item":"https:\/\/www.nidoscuolaclorofilla.it\/en\/"},{"@type":"ListItem","position":2,"name":"Accessibility Statement"}]},{"@type":"WebSite","@id":"https:\/\/www.nidoscuolaclorofilla.it\/#website","url":"https:\/\/www.nidoscuolaclorofilla.it\/","name":"Nido Scuola Clorofilla","description":"Asilo e Nido Bilingue a Milano Centro","publisher":{"@id":"https:\/\/www.nidoscuolaclorofilla.it\/#organization"},"potentialAction":[{"@type":"SearchAction","target":{"@type":"EntryPoint","urlTemplate":"https:\/\/www.nidoscuolaclorofilla.it\/?s={search_term_string}"},"query-input":{"@type":"PropertyValueSpecification","valueRequired":true,"valueName":"search_term_string"}}],"inLanguage":"en-US"},{"@type":"Organization","@id":"https:\/\/www.nidoscuolaclorofilla.it\/#organization","name":"Nido Scuola Clorofilla","url":"https:\/\/www.nidoscuolaclorofilla.it\/","logo":{"@type":"ImageObject","inLanguage":"en-US","@id":"https:\/\/www.nidoscuolaclorofilla.it\/#\/schema\/logo\/image\/","url":"https:\/\/www.nidoscuolaclorofilla.it\/wp-content\/uploads\/2024\/11\/favicon.png","contentUrl":"https:\/\/www.nidoscuolaclorofilla.it\/wp-content\/uploads\/2024\/11\/favicon.png","width":512,"height":512,"caption":"Nido Scuola Clorofilla"},"image":{"@id":"https:\/\/www.nidoscuolaclorofilla.it\/#\/schema\/logo\/image\/"},"sameAs":["https:\/\/it-it.facebook.com\/nidoscuolaclorofilla","https:\/\/www.instagram.com\/nidoscuola_clorofilla\/","https:\/\/www.youtube.com\/@nidoscuolaclorofilla728"]}]}},"_links":{"self":[{"href":"https:\/\/www.nidoscuolaclorofilla.it\/en\/wp-json\/wp\/v2\/pages\/5410","targetHints":{"allow":["GET"]}}],"collection":[{"href":"https:\/\/www.nidoscuolaclorofilla.it\/en\/wp-json\/wp\/v2\/pages"}],"about":[{"href":"https:\/\/www.nidoscuolaclorofilla.it\/en\/wp-json\/wp\/v2\/types\/page"}],"author":[{"embeddable":true,"href":"https:\/\/www.nidoscuolaclorofilla.it\/en\/wp-json\/wp\/v2\/users\/5"}],"replies":[{"embeddable":true,"href":"https:\/\/www.nidoscuolaclorofilla.it\/en\/wp-json\/wp\/v2\/comments?post=5410"}],"version-history":[{"count":0,"href":"https:\/\/www.nidoscuolaclorofilla.it\/en\/wp-json\/wp\/v2\/pages\/5410\/revisions"}],"wp:attachment":[{"href":"https:\/\/www.nidoscuolaclorofilla.it\/en\/wp-json\/wp\/v2\/media?parent=5410"}],"curies":[{"name":"wp","href":"https:\/\/api.w.org\/{rel}","templated":true}]}}